{"id":2,"date":"2018-04-13T04:35:10","date_gmt":"2018-04-13T02:35:10","guid":{"rendered":"https:\/\/leksandskammarmusikfestival.se\/?page_id=2"},"modified":"2025-05-15T22:06:36","modified_gmt":"2025-05-15T20:06:36","slug":"program","status":"publish","type":"page","link":"https:\/\/leksandskammarmusikfestival.se\/","title":{"rendered":"Program 2025"},"content":{"rendered":"<div id=\"pl-2\"  class=\"panel-layout\" ><div id=\"pg-2-0\"  class=\"panel-grid panel-no-style\" ><div id=\"pgc-2-0-0\"  class=\"panel-grid-cell\" ><div id=\"panel-2-0-0-0\" class=\"so-panel widget widget_sow-editor panel-first-child panel-last-child\" data-index=\"0\" ><div\n\t\t\t\n\t\t\tclass=\"so-widget-sow-editor so-widget-sow-editor-base\"\n\t\t\t\n\t\t>\n<div class=\"siteorigin-widget-tinymce textwidget\">\n\t<p dir=\"auto\">Onsdag 25 Juni kl 19:00<br \/>\nHildasholm<br \/>\n<i><b><br \/>\n<\/b><\/i>GERSHWIN, George (1898-1937)<br \/>\nLullaby (1919)<\/p>\n<p>BERG, Anna (1992)<br \/>\nEarthward, ever circling (2023)<\/p>\n<p>MOZART, Wolfgang Amadeus (1756-1791)<br \/>\nfr\u00e5n Klarinettkvintett K.581 (1789)<\/p>\n<p dir=\"auto\"><i>Daniel Migdal (violin), Anders Kjellberg Nilsson\u00a0 (violin), Daniel Eklund (viola), Kristina Winiarski (cello), Tom\u00e9 D\u00e1vila Cacheda (klarinett)\u00a0<\/i><\/p>\n<p><a href=\"https:\/\/www.visitdalarna.se\/gora\/evenemang\/leksands-kammarmusikfestival\">Biljetter hittar ni h\u00e4r!<\/a><\/p>\n<p>(Det g\u00e5r \u00e4ven bra att k\u00f6pa biljetter p\u00e5 plats via Swish!)<\/p>\n<\/div>\n<\/div><\/div><\/div><div id=\"pgc-2-0-1\"  class=\"panel-grid-cell\" ><div id=\"panel-2-0-1-0\" class=\"so-panel widget widget_sow-editor panel-first-child panel-last-child\" data-index=\"1\" ><div\n\t\t\t\n\t\t\tclass=\"so-widget-sow-editor so-widget-sow-editor-base\"\n\t\t\t\n\t\t>\n<div class=\"siteorigin-widget-tinymce textwidget\">\n\t<p>Torsdag 26 Juni kl 19:00<br \/>\n\"Moderna M\u00e4stare\"<br \/>\nLeksands Kyrka<\/p>\n<p>PROKOFIEV, Sergej (1891-1953)<br \/>\nOvertyr p\u00e5 Hebreiska teman, op 34 (1919)<\/p>\n<p>GERSHWIN, George (1898-1937)<br \/>\nLullaby (1919)<\/p>\n<p>SHAW, Caroline (1982)<br \/>\nGustave Le Grey, op17<\/p>\n<p>- paus -<\/p>\n<p>KORNGOLD, Ernst (1897-1957)<br \/>\nPianokvintett i E dur, op15<\/p>\n<p><i>David Huang (piano), Daniel Migdal (violin), Anders Kjellberg Nilsson\u00a0 (violin), Daniel Eklund (viola), Kristina Winiarski (cello), Tom\u00e9 D\u00e1vila Cacheda (klarinett)\u00a0<\/i><\/p>\n<p><a href=\"https:\/\/www.visitdalarna.se\/gora\/evenemang\/leksands-kammarmusikfestival-moderna-mastare\">Biljetter hittar ni h\u00e4r!<\/a><\/p>\n<p>(Det g\u00e5r \u00e4ven bra att k\u00f6pa biljetter p\u00e5 plats via Swish!)<\/p>\n<p>&nbsp;<\/p>\n<\/div>\n<\/div><\/div><\/div><div id=\"pgc-2-0-2\"  class=\"panel-grid-cell\" ><div id=\"panel-2-0-2-0\" class=\"so-panel widget widget_sow-editor panel-first-child panel-last-child\" data-index=\"2\" ><div\n\t\t\t\n\t\t\tclass=\"so-widget-sow-editor so-widget-sow-editor-base\"\n\t\t\t\n\t\t>\n<div class=\"siteorigin-widget-tinymce textwidget\">\n\t<p>Fredag 27 juni kl 19:00<br \/>\n\"Gott &amp; Blandat\"<br \/>\nLeksands Kyrka<\/p>\n<p>POULENC, Francis (1899-1963)<br \/>\nSonat f\u00f6r klarinett och piano FP184<\/p>\n<p>BERG, Anna (1992)<br \/>\nEarthward, ever circling (2023)<\/p>\n<p>- paus -<\/p>\n<p>MOZART, Wolfgang Amadeus (1756-1791)<br \/>\nKlarinettkvitett K.581 (1789)<\/p>\n<p><i>David Huang (piano), Daniel Migdal (violin), Anders Kjellberg Nilsson\u00a0 (violin), Daniel Eklund (viola), Kristina Winiarski (cello), Tom\u00e9 D\u00e1vila Cacheda (klarinett)\u00a0<\/i><\/p>\n<p><a href=\"https:\/\/www.visitdalarna.se\/gora\/evenemang\/leksands-kammarmusikfestival-gott-blandat\">Biljetter hittar ni h\u00e4r!<\/a><\/p>\n<p>(Det g\u00e5r \u00e4ven bra att k\u00f6pa biljetter p\u00e5 plats via Swish!)<\/p>\n<\/div>\n<\/div><\/div><\/div><\/div><\/div>","protected":false},"excerpt":{"rendered":"<p>Onsdag 25 Juni kl 19:00 Hildasholm GERSHWIN, George (1898-1937) Lullaby (1919) BERG, Anna (1992) Earthward, ever circling (2023) MOZART, Wolfgang Amadeus (1756-1791) fr\u00e5n Klarinettkvintett K.581 (1789) Daniel Migdal (violin), Anders Kjellberg Nilsson\u00a0 (violin), Daniel Eklund (viola), Kristina Winiarski (cello), Tom\u00e9 D\u00e1vila Cacheda (klarinett)\u00a0 Biljetter hittar ni h\u00e4r! (Det g\u00e5r \u00e4ven bra att k\u00f6pa biljetter p\u00e5 &hellip; <\/p>\n<p class=\"link-more\"><a href=\"https:\/\/leksandskammarmusikfestival.se\/\" class=\"more-link\">Continue reading<span class=\"screen-reader-text\"> &#8220;Program 2025&#8221;<\/span><\/a><\/p>\n","protected":false},"author":1,"featured_media":0,"parent":0,"menu_order":0,"comment_status":"closed","ping_status":"closed","template":"","meta":[],"_links":{"self":[{"href":"https:\/\/leksandskammarmusikfestival.se\/index.php?rest_route=\/wp\/v2\/pages\/2"}],"collection":[{"href":"https:\/\/leksandskammarmusikfestival.se\/index.php?rest_route=\/wp\/v2\/pages"}],"about":[{"href":"https:\/\/leksandskammarmusikfestival.se\/index.php?rest_route=\/wp\/v2\/types\/page"}],"author":[{"embeddable":true,"href":"https:\/\/leksandskammarmusikfestival.se\/index.php?rest_route=\/wp\/v2\/users\/1"}],"replies":[{"embeddable":true,"href":"https:\/\/leksandskammarmusikfestival.se\/index.php?rest_route=%2Fwp%2Fv2%2Fcomments&post=2"}],"version-history":[{"count":181,"href":"https:\/\/leksandskammarmusikfestival.se\/index.php?rest_route=\/wp\/v2\/pages\/2\/revisions"}],"predecessor-version":[{"id":964,"href":"https:\/\/leksandskammarmusikfestival.se\/index.php?rest_route=\/wp\/v2\/pages\/2\/revisions\/964"}],"wp:attachment":[{"href":"https:\/\/leksandskammarmusikfestival.se\/index.php?rest_route=%2Fwp%2Fv2%2Fmedia&parent=2"}],"curies":[{"name":"wp","href":"https:\/\/api.w.org\/{rel}","templated":true}]}}